{"id":8383,"date":"2024-04-30T14:38:26","date_gmt":"2024-04-30T11:38:26","guid":{"rendered":"https:\/\/novoconcept.ro\/?page_id=8383"},"modified":"2024-04-30T14:40:21","modified_gmt":"2024-04-30T11:40:21","slug":"politica-de-confidentialitate","status":"publish","type":"page","link":"https:\/\/novoconcept.ro\/en\/politica-de-confidentialitate\/","title":{"rendered":"Confidentiality policy"},"content":{"rendered":"<div data-elementor-type=\"wp-page\" data-elementor-id=\"8383\" class=\"elementor elementor-8383\" data-elementor-post-type=\"page\">\n\t\t\t\t\t\t<section class=\"elementor-section elementor-top-section elementor-element elementor-element-85aff7a elementor-section-boxed elementor-section-height-default elementor-section-height-default\" data-id=\"85aff7a\" data-element_type=\"section\">\n\t\t\t\t\t\t<div class=\"elementor-container elementor-column-gap-default\">\n\t\t\t\t\t<div class=\"elementor-column elementor-col-100 elementor-top-column elementor-element elementor-element-74aa1c4\" data-id=\"74aa1c4\" data-element_type=\"column\">\n\t\t\t<div class=\"elementor-widget-wrap elementor-element-populated\">\n\t\t\t\t\t\t<div class=\"elementor-element elementor-element-fce6cc6 elementor-widget elementor-widget-spacer\" data-id=\"fce6cc6\" data-element_type=\"widget\" data-widget_type=\"spacer.default\">\n\t\t\t\t<div class=\"elementor-widget-container\">\n\t\t\t\t\t\t\t<div class=\"elementor-spacer\">\n\t\t\t<div class=\"elementor-spacer-inner\"><\/div>\n\t\t<\/div>\n\t\t\t\t\t\t<\/div>\n\t\t\t\t<\/div>\n\t\t\t\t<div class=\"elementor-element elementor-element-72de488 elementor-widget elementor-widget-text-editor\" data-id=\"72de488\" data-element_type=\"widget\" data-widget_type=\"text-editor.default\">\n\t\t\t\t<div class=\"elementor-widget-container\">\n\t\t\t\t\t\t\t\t\t<p>C\u00e2nd accesezi site-ul <strong>www.novoconcept.ro<\/strong>, c\u00e2nd ne contactezi pentru o cerere de ofert\u0103 sau c\u00e2nd beneficiezi de serviciile noastre, ne oferi informa\u021biile tale. Scopul acestei Politici de confiden\u021bialitate este s\u0103 \u00ee\u021bi explice ce date prelucr\u0103m, de ce le prelucr\u0103m \u0219i cum le utiliz\u0103m. Con\u0219tien\u021bi fiind c\u0103 informa\u021biile tale personale \u00ee\u021bi apar\u021bin, depunem eforturi pentru a le p\u0103stra \u00een siguran\u021b\u0103. Nu furniz\u0103m informa\u021bii c\u0103tre ter\u021be p\u0103r\u021bi f\u0103r\u0103 a te informa \u00een prealabil. Prin navigarea pe site-ul www.novoconcept.ro sau prin contactarea noastr\u0103 \u0219i\/sau \u00eenscrierea la newsletter, confirmi c\u0103 ai fost informat corespunz\u0103tor cu privire la prelucrarea datelor prin lecturarea acestui document, intitulat \u201ePolitica de confiden\u021bialitate\u201d.<\/p><p><strong>DEFINI\u021aII \u0218I TERMENI<\/strong><\/p><p>www.novoconcept.ro (sau \u201eSite-ul\u201d) este un site de prezentare al SC INNOVO DESIGN CONCEPT SRL. Site-ul este de\u021binut \u0219i administrat de SC INNOVO DESIGN CONCEPT SRL, cu sediul \u00een Alexandria, judet Teleorman, str. Carpati, nr. 9,\u00a0 CUI :40545902, R eg. Com.: J\/34\/170\/01.02.2019, denumit\u0103 \u00een continuare \u201eNOVO CONCEPT\u201d.<\/p><p>\u00cen conformitate cu Legea nr. 677\/2001 \u0219i Regulamentul (UE) 679\/2016 (aplicabil \u00een Rom\u00e2nia din 25 mai 2018), SC INNOVO DESIGN CONCEPT SRL este operator de date cu caracter personal.<\/p><p>\u201eGDPR\u201d reprezint\u0103 Regulamentul (UE) 679\/2016 privind protec\u021bia persoanelor fizice \u00een ceea ce prive\u0219te prelucrarea datelor cu caracter personal \u0219i privind libera circula\u021bie a acestor date \u0219i de abrogare a Directivei 95\/46\/CE.<\/p><p>\u201eDate cu caracter personal\u201d \u00eenseamn\u0103 orice informa\u021bii privind o persoan\u0103 fizic\u0103 identificat\u0103 sau identificabil\u0103 (\u201epersoan\u0103 vizat\u0103\u201d);<\/p><p>O persoan\u0103 fizic\u0103 identificabil\u0103 este o persoan\u0103 care poate fi identificat\u0103, direct sau indirect, \u00een special prin referire la un element de identificare, cum ar fi un nume, un num\u0103r de identificare, date de localizare, un identificator online, sau la unul sau mai multe elemente specifice, proprii identit\u0103\u021bii sale fizice, fiziologice, genetice, psihice, economice, culturale sau sociale.<\/p><p>SC INNOVO DESIGN CONCEPT poate modifica aceast\u0103 Politic\u0103 de confiden\u021bialitate \u00een orice moment. Toate actualiz\u0103rile \u0219i modific\u0103rile prezentei Politici sunt valabile imediat dup\u0103 notificare, care se va face prin afi\u0219are pe site \u0219i\/sau notificare prin e-mail.<\/p><p><strong>\u00ceNTREB\u0102RI \u0218I SOLICIT\u0102RI<\/strong><\/p><p>Dac\u0103 ai \u00eentreb\u0103ri sau nel\u0103muriri cu privire la prelucrarea datelor tale sau dore\u0219ti s\u0103 \u00ee\u021bi exerci\u021bi drepturile legale \u00een leg\u0103tur\u0103 cu datele pe care le de\u021binem sau dac\u0103 ai \u00eengrijor\u0103ri cu privire la modul \u00een care trat\u0103m orice problem\u0103 de confiden\u021bialitate, ne po\u021bi contacta la adresa de e-mail : <strong>design@novoconcept.ro<\/strong><\/p><p><strong>CE INFORMA\u021aII COLECT\u0102M?<\/strong><\/p><p>Informa\u021bii pe care ni le furnizezi voluntar<\/p><p>C\u00e2nd utilizezi formularele de cerere de ofert\u0103 de pe site, c\u00e2nd ne contactezi prin telefon sau e-mail sau comunici cu noi \u00een orice mod, ne oferi \u00een mod voluntar informa\u021biile pe care le prelucr\u0103m. Aceste informa\u021bii includ numele, prenumele, adresa de e-mail \u0219i num\u0103rul de telefon.<\/p><p>C\u00e2nd te abonezi la newsletter, ne furnizezi voluntar adresa de e-mail pentru a fi utilizat\u0103 \u00een scopul trimiterii de mesaje de marketing.<\/p><ol><li>Oferindu-ne aceste informa\u021bii, noi le p\u0103str\u0103m \u00een condi\u021bii de securitate \u0219i confiden\u021bialitate \u00een baza noastr\u0103 de date. Nu dezv\u0103luim sau transfer\u0103m informa\u021bii c\u0103tre ter\u021bi.<\/li><\/ol><p>Informa\u021bii pe care le colect\u0103m automat<\/p><ol><li>C\u00e2nd navighezi pe site-ul nostru, este posibil s\u0103 colect\u0103m informa\u021bii despre vizita ta pe site. Aceste informa\u021bii pot include adresa IP, sistemul de operare, browserul, activitatea de navigare \u0219i alte informa\u021bii despre modul \u00een care ai interac\u021bionat cu site-ul SC INNOVO DESIGN CONCEPT. Putem colecta aceste informa\u021bii prin folosirea cookie-urilor sau a altor tehnologii similare. Po\u021bi vedea ce sunt cookie-urile citind \u00een continuare aceast\u0103 pagin\u0103.<\/li><\/ol><p><strong>CARE ESTE TEMEIUL LEGAL PENTRU PRELUCRARE?<\/strong><\/p><p>\u00cen privin\u021ba datelor pe care ni le oferi voluntar prin completarea \u0219i trimiterea formularelor sau prin contactarea noastr\u0103 \u00een orice mod, temeiul legal este \u201eluarea unor m\u0103suri la cererea persoanei vizate \u00eenaintea \u00eencheierii unui contract\u201d (art. 5 alin. 2 lit. (a) din Legea nr. 677\/2001) \u0219i \u201epentru a face demersuri la cererea persoanei vizate \u00eenainte de \u00eencheierea unui contract\u201d (art. 6 alin. (1) lit. b din Regulamentul (UE) 679\/2016).<\/p><p>At\u00e2t potrivit legisla\u021biei actuale, c\u00e2t \u0219i potrivit GDPR (aplicabil din 25 mai 2018), consim\u021b\u0103m\u00e2ntul t\u0103u nu este cerut \u00een situa\u021bia \u00een care prelucrarea este necesar\u0103 pentru efectuarea de demersuri pentru \u00eencheierea unui contract, \u00eendeplinirea unei obliga\u021bii legale sau interesul legitim.<\/p><p>\u00cen privin\u021ba datelor pe care le colect\u0103m automat prin folosirea cookie-urilor sau a altor tehnologii similare, temeiul pentru prelucrare este consim\u021b\u0103m\u00e2ntul. Odat\u0103 cu accesarea site-ului, \u00ee\u021bi dai \u00een mod valid consim\u021b\u0103m\u00e2ntul asupra prelucr\u0103rii.<\/p><p><strong>\u00ceN CE SCOPURI COLECT\u0102M DATELE?<\/strong><\/p><ul><li>pentru a face demersurile necesare \u00een vederea \u00eencheierii unui contract;<\/li><li>pentru a-\u021bi r\u0103spunde la \u00eentreb\u0103ri \u0219i solicit\u0103ri;<\/li><li>pentru a ne ap\u0103ra \u00eempotriva atacurilor cibernetice;<\/li><li>pentru activit\u0103\u021bi de marketing, \u00eens\u0103 numai \u00een situa\u021bia \u00een care \u021bi-ai dat consim\u021b\u0103m\u00e2ntul \u00een prealabil;<\/li><li>pentru a trimite invita\u021bii la diverse evenimente pe care le ini\u021biem;<\/li><li>pentru a oferi \u0219i \u00eembun\u0103t\u0103\u021bi serviciile pe care le oferim;<\/li><\/ul><p>Pentru a nu mai primi mesaje promo\u021bionale, po\u021bi urma instruc\u021biunile de dezabonare incluse \u00een fiecare e-mail;<\/p><p><strong>C\u00c2T TIMP STOC\u0102M DATELE?<\/strong><\/p><p>Stoc\u0103m datele cu caracter personal doar pe perioada necesar\u0103 \u00eendeplinirii scopurilor, dar nu mai mult de 10 ani de la ultima vizit\u0103 pe site sau ultima interac\u021biune cu noi.<\/p><p><strong>CUI DEZV\u0102LUIM INFORMA\u021aIILE TALE?<\/strong><\/p><p>Nu vom dezv\u0103lui informa\u021biile tale c\u0103tre ter\u021be p\u0103r\u021bi, pentru a fi utilizate \u00een propriile lor scopuri de marketing sau comerciale. Totu\u0219i, este posibil s\u0103 dezv\u0103luim informa\u021biile tale c\u0103tre urm\u0103toarele entit\u0103\u021bi:<\/p><ul><li>Furnizori de servicii. Putem dezv\u0103lui informa\u021biile tale altor companii care ne furnizeaz\u0103 servicii \u0219i ac\u021bioneaz\u0103 \u00een calitate de persoane \u00eemputernicite, cum ar fi companiile care ne ajut\u0103 la facturare sau care trimit e-mailuri \u00een numele nostru. Aceste entit\u0103\u021bi sunt selectate cu o grij\u0103 deosebit\u0103 pentru a ne asigura c\u0103 \u00eendeplinesc cerin\u021bele specifice \u00een materie de protec\u021bie a datelor cu caracter personal. Aceste entit\u0103\u021bi au o capacitate limitat\u0103 de a utiliza informa\u021biile tale \u00een alte scopuri dec\u00e2t cel de a ne furniza servicii;<\/li><li>Instan\u021be de judecat\u0103, parchete sau alte autorit\u0103\u021bi publice pentru a ne conforma legii sau drept r\u0103spuns la o procedur\u0103 legal\u0103 obligatorie (cum ar fi un mandat de perchezi\u021bie sau o hot\u0103r\u00e2re judec\u0103toreasc\u0103);<\/li><li>Alte p\u0103r\u021bi cu consim\u021b\u0103m\u00e2ntul sau la instruc\u021biunile tale. \u00cen afara dezv\u0103luirilor descrise \u00een prezenta Politic\u0103 de confiden\u021bialitate, este posibil s\u0103 transmitem informa\u021biile ter\u021bilor c\u0103rora consim\u021bi sau solici\u021bi s\u0103 efectu\u0103m o asemenea dezv\u0103luire.<\/li><\/ul><p><strong>TRANSFER\u0102M DATE C\u0102TRE STATE TER\u021aE?<\/strong><\/p><p>\u00cen prezent, nu transfer\u0103m datele tale c\u0103tre state din afara Uniunii Europene. Dac\u0103 vom schimba politica, te vom informa \u00een mod corespunz\u0103tor, \u00ee\u021bi vom prezenta garan\u021biile aferente \u0219i \u00ee\u021bi vom solicita consim\u021b\u0103m\u00e2ntul.<\/p><p><strong>CARE SUNT DREPTURILE TALE?<\/strong><\/p><ul><li>Dreptul de retragere a consim\u021b\u0103m\u00e2ntului;<\/li><\/ul><p>\u00cen situa\u021bia \u00een care prelucrarea se bazeaz\u0103 pe consim\u021b\u0103m\u00e2nt, \u00ee\u021bi po\u021bi retrage consim\u021b\u0103m\u00e2ntul \u00een orice moment \u0219i \u00een mod gratuit prin transmiterea unui e-mail la adresa office@scinnovodesignconcept.ro cu subiectul \u201eretragere consim\u021b\u0103m\u00e2nt\u201d.<\/p><ul><li>Dreptul de a depune o pl\u00e2ngere \u00een fa\u021ba unei autorit\u0103\u021bi de supraveghere;<\/li><li>Dreptul de a te adresa justi\u021biei;<\/li><li>Dreptul de acces;<\/li><\/ul><p>Ai dreptul de a ob\u021bine din partea noastr\u0103 o confirmare c\u0103 se prelucreaz\u0103 sau nu date cu caracter personal care te privesc \u0219i, \u00een caz afirmativ, ai dreptul de acces la datele respective.<\/p><ul><li>Dreptul la rectificare;<\/li><\/ul><p>Ai dreptul de a ob\u021bine de la noi, f\u0103r\u0103 \u00eent\u00e2rzieri nejustificate, rectificarea datelor cu caracter personal inexacte care te privesc. \u021ain\u00e2ndu-se seama de scopurile \u00een care au fost prelucrate datele, ai dreptul de a ob\u021bine completarea datelor cu caracter personal care sunt incomplete, inclusiv prin furnizarea unei declara\u021bii suplimentare.<\/p><ul><li>Dreptul la \u0219tergerea datelor (\u201edreptul de a fi uitat\u201d);<\/li><\/ul><p>\u00cen situa\u021bii \u00een care datele nu mai sunt necesare pentru \u00eendeplinirea scopurilor, s-a retras consim\u021b\u0103m\u00e2ntul \u0219i nu exist\u0103 un alt temei juridic pentru prelucrare, te opui prelucr\u0103rii \u0219i nu exist\u0103 motive legitime care s\u0103 prevaleze \u00een ceea ce prive\u0219te prelucrarea sau datele cu caracter personal au fost prelucrate ilegal, ai dreptul de a ob\u021bine \u0219tergerea datelor care te privesc, f\u0103r\u0103 \u00eent\u00e2rzieri nejustificate.<\/p><ul><li>Dreptul la restric\u021bionarea prelucr\u0103rii;<\/li><\/ul><p>Ai dreptul de a ob\u021bine din partea noastr\u0103 restric\u021bionarea prelucr\u0103rii \u00een cazul \u00een care se aplic\u0103 unul din urm\u0103toarele cazuri:<\/p><p>(a) contest\u0103rii exactit\u0103\u021bii datelor, pentru o perioad\u0103 care ne permite nou\u0103 s\u0103 verific\u0103m exactitatea datelor;<\/p><p>(b) prelucrarea este ilegal\u0103, iar tu te opui \u0219tergerii datelor cu caracter personal, solicit\u00e2nd \u00een schimb restric\u021bionarea utiliz\u0103rii lor;<\/p><p>(c) nu mai avem nevoie de datele cu caracter personal \u00een scopul prelucr\u0103rii, dar tu ni le solici\u021bi pentru constatarea, exercitarea sau ap\u0103rarea unui drept \u00een instan\u021b\u0103;<\/p><p>(d) te-ai opus prelucr\u0103rii conform articolului 21 alineatul (1) din GDPR, pentru intervalul de timp \u00een care se verific\u0103 dac\u0103 drepturile noastre legitime prevaleaz\u0103 asupra drepturilor tale.<\/p><ul><li>Dreptul la portabilitatea datelor<\/li><\/ul><p>Ai dreptul de a primi datele cu caracter personal care te privesc \u0219i pe care ni le-ai furnizat \u00eentr-un format structurat, utilizat \u00een mod curent \u0219i care poate fi citit automat \u0219i ai dreptul de a transmite aceste date altui operator, f\u0103r\u0103 obstacole din partea noastr\u0103, \u00een cazul \u00een care:<\/p><p>(a) prelucrarea se bazeaz\u0103 pe consim\u021b\u0103m\u00e2nt \u00een temeiul articolului 6 alineatul (1) litera (a) sau al articolului 9 alineatul (2) litera (a) din GDPR sau pe un contract \u00een temeiul articolului 6 alineatul (1) litera (b) din GDPR; \u0219i<\/p><p>(b) prelucrarea este efectuat\u0103 prin mijloace automate.<\/p><ul><li>Dreptul de a nu face obiectul unei decizii bazate exclusiv pe prelucrarea automat\u0103, inclusiv crearea de profiluri, care produce efecte juridice care te privesc sau te afecteaz\u0103 \u00een mod similar \u00eentr-o m\u0103sur\u0103 semnificativ\u0103<\/li><\/ul><p>Nu ai acest drept \u00een cazul \u00een care decizia:<\/p><p>(a) este necesar\u0103 pentru \u00eencheierea sau executarea unui contract \u00eentre tine \u0219i un operator de date;<\/p><p>(b) este autorizat\u0103 prin dreptul Uniunii sau dreptul intern care se aplic\u0103 operatorului \u0219i care prevede, de asemenea, m\u0103suri corespunz\u0103toare pentru protejarea drepturilor, libert\u0103\u021bilor \u0219i intereselor legitime ale persoanei vizate; sau<\/p><p>(c) are la baz\u0103 consim\u021b\u0103m\u00e2ntul t\u0103u explicit.<\/p><p><strong>CUM \u00ce\u021aI EXERCI\u021aI DREPTURILE<\/strong><\/p><p>Pentru a-\u021bi exercita drepturile legale, te rug\u0103m s\u0103 ne contactezi la adresa de e-mail <a href=\"mailto:design@novoconcept.ro\">design@novoconcept.ro<\/a>.<\/p><p><strong>TE RUG\u0102M S\u0102 RE\u021aII URM\u0102TOARELE:<\/strong><\/p><ul><li>Perioada de timp: Vom \u00eencerca s\u0103 r\u0103spundem solicit\u0103rii \u00een termen de 30 de zile. Cu toate acestea, termenul poate fi prelungit din motive specifice legate de dreptul legal specific sau complexitatea cererii tale.<\/li><li>Restric\u021bionarea accesului: \u00een anumite situa\u021bii, este posibil s\u0103 nu \u00ee\u021bi putem oferi acces la toate sau la unele dintre datele tale personale datorit\u0103 dispozi\u021biilor legale. Dac\u0103 refuz\u0103m cererea ta de acces, te vom informa despre motivul refuzului.<\/li><li>Imposibilitatea de a te identifica.<\/li><\/ul><p>\u00cen unele cazuri, este posibil s\u0103 nu putem c\u0103uta datele tale personale din cauza identificatorilor pe care \u00eei furnizezi \u00een solicitarea ta. Un exemplu de date cu caracter personal pe care nu le putem consulta atunci c\u00e2nd ne furnizezi numele \u0219i adresa de e-mail sunt datele colectate prin cookie-uri de c\u0103tre browser.<\/p><p>\u00cen astfel de cazuri, \u00een cazul \u00een care nu te putem identifica ca persoan\u0103 vizat\u0103, nu suntem \u00een m\u0103sur\u0103 s\u0103 ne conform\u0103m solicit\u0103rii tale, cu excep\u021bia cazului \u00een care furnizezi informa\u021bii suplimentare care s\u0103 permit\u0103 identificarea.<\/p>\t\t\t\t\t\t\t\t<\/div>\n\t\t\t\t<\/div>\n\t\t\t\t<div class=\"elementor-element elementor-element-db6c9dd elementor-widget elementor-widget-spacer\" data-id=\"db6c9dd\" data-element_type=\"widget\" data-widget_type=\"spacer.default\">\n\t\t\t\t<div class=\"elementor-widget-container\">\n\t\t\t\t\t\t\t<div class=\"elementor-spacer\">\n\t\t\t<div class=\"elementor-spacer-inner\"><\/div>\n\t\t<\/div>\n\t\t\t\t\t\t<\/div>\n\t\t\t\t<\/div>\n\t\t\t\t\t<\/div>\n\t\t<\/div>\n\t\t\t\t\t<\/div>\n\t\t<\/section>\n\t\t\t\t<\/div>","protected":false},"excerpt":{"rendered":"<p>C\u00e2nd accesezi site-ul www.novoconcept.ro, c\u00e2nd ne contactezi pentru o cerere de ofert\u0103 sau c\u00e2nd beneficiezi de serviciile noastre, ne oferi informa\u021biile tale. Scopul acestei Politici de confiden\u021bialitate este s\u0103 \u00ee\u021bi explice ce date prelucr\u0103m, de ce le prelucr\u0103m \u0219i cum le utiliz\u0103m. Con\u0219tien\u021bi fiind c\u0103 informa\u021biile tale personale \u00ee\u021bi apar\u021bin, depunem eforturi pentru a le&hellip;<\/p>","protected":false},"author":1,"featured_media":0,"parent":0,"menu_order":0,"comment_status":"closed","ping_status":"closed","template":"","meta":{"footnotes":""},"class_list":["post-8383","page","type-page","status-publish","hentry"],"yoast_head":"<!-- This site is optimized with the Yoast SEO plugin v26.1.1 - https:\/\/yoast.com\/wordpress\/plugins\/seo\/ -->\n<title>Politic\u0103 de confiden\u021bialitate - NOVO Concept<\/title>\n<meta name=\"robots\" content=\"index, follow, max-snippet:-1, max-image-preview:large, max-video-preview:-1\" \/>\n<link rel=\"canonical\" href=\"https:\/\/novoconcept.ro\/en\/politica-de-confidentialitate\/\" \/>\n<meta property=\"og:locale\" content=\"en_US\" \/>\n<meta property=\"og:type\" content=\"article\" \/>\n<meta property=\"og:title\" content=\"Politic\u0103 de confiden\u021bialitate - NOVO Concept\" \/>\n<meta property=\"og:description\" content=\"C\u00e2nd accesezi site-ul www.novoconcept.ro, c\u00e2nd ne contactezi pentru o cerere de ofert\u0103 sau c\u00e2nd beneficiezi de serviciile noastre, ne oferi informa\u021biile tale. Scopul acestei Politici de confiden\u021bialitate este s\u0103 \u00ee\u021bi explice ce date prelucr\u0103m, de ce le prelucr\u0103m \u0219i cum le utiliz\u0103m. Con\u0219tien\u021bi fiind c\u0103 informa\u021biile tale personale \u00ee\u021bi apar\u021bin, depunem eforturi pentru a le&hellip;\" \/>\n<meta property=\"og:url\" content=\"https:\/\/novoconcept.ro\/en\/politica-de-confidentialitate\/\" \/>\n<meta property=\"og:site_name\" content=\"NOVO Concept\" \/>\n<meta property=\"article:publisher\" content=\"https:\/\/www.facebook.com\/novoconceptinterior\" \/>\n<meta property=\"article:modified_time\" content=\"2024-04-30T11:40:21+00:00\" \/>\n<meta name=\"twitter:card\" content=\"summary_large_image\" \/>\n<meta name=\"twitter:label1\" content=\"Est. reading time\" \/>\n\t<meta name=\"twitter:data1\" content=\"10 minutes\" \/>\n<script type=\"application\/ld+json\" class=\"yoast-schema-graph\">{\"@context\":\"https:\/\/schema.org\",\"@graph\":[{\"@type\":\"WebPage\",\"@id\":\"https:\/\/novoconcept.ro\/politica-de-confidentialitate\/\",\"url\":\"https:\/\/novoconcept.ro\/politica-de-confidentialitate\/\",\"name\":\"Politic\u0103 de confiden\u021bialitate - NOVO Concept\",\"isPartOf\":{\"@id\":\"https:\/\/novoconcept.ro\/#website\"},\"datePublished\":\"2024-04-30T11:38:26+00:00\",\"dateModified\":\"2024-04-30T11:40:21+00:00\",\"breadcrumb\":{\"@id\":\"https:\/\/novoconcept.ro\/politica-de-confidentialitate\/#breadcrumb\"},\"inLanguage\":\"en-US\",\"potentialAction\":[{\"@type\":\"ReadAction\",\"target\":[\"https:\/\/novoconcept.ro\/politica-de-confidentialitate\/\"]}]},{\"@type\":\"BreadcrumbList\",\"@id\":\"https:\/\/novoconcept.ro\/politica-de-confidentialitate\/#breadcrumb\",\"itemListElement\":[{\"@type\":\"ListItem\",\"position\":1,\"name\":\"Prima pagin\u0103\",\"item\":\"https:\/\/novoconcept.ro\/\"},{\"@type\":\"ListItem\",\"position\":2,\"name\":\"Politic\u0103 de confiden\u021bialitate\"}]},{\"@type\":\"WebSite\",\"@id\":\"https:\/\/novoconcept.ro\/#website\",\"url\":\"https:\/\/novoconcept.ro\/\",\"name\":\"NOVO Concept\",\"description\":\"Design interior, fabrica proprie mobilier custom, amenajari interioare.\",\"publisher\":{\"@id\":\"https:\/\/novoconcept.ro\/#organization\"},\"potentialAction\":[{\"@type\":\"SearchAction\",\"target\":{\"@type\":\"EntryPoint\",\"urlTemplate\":\"https:\/\/novoconcept.ro\/?s={search_term_string}\"},\"query-input\":{\"@type\":\"PropertyValueSpecification\",\"valueRequired\":true,\"valueName\":\"search_term_string\"}}],\"inLanguage\":\"en-US\"},{\"@type\":\"Organization\",\"@id\":\"https:\/\/novoconcept.ro\/#organization\",\"name\":\"NOVO Concept\",\"url\":\"https:\/\/novoconcept.ro\/\",\"logo\":{\"@type\":\"ImageObject\",\"inLanguage\":\"en-US\",\"@id\":\"https:\/\/novoconcept.ro\/#\/schema\/logo\/image\/\",\"url\":\"https:\/\/novoconcept.ro\/wp-content\/uploads\/2024\/04\/logo-form.png\",\"contentUrl\":\"https:\/\/novoconcept.ro\/wp-content\/uploads\/2024\/04\/logo-form.png\",\"width\":100,\"height\":108,\"caption\":\"NOVO Concept\"},\"image\":{\"@id\":\"https:\/\/novoconcept.ro\/#\/schema\/logo\/image\/\"},\"sameAs\":[\"https:\/\/www.facebook.com\/novoconceptinterior\",\"https:\/\/www.instagram.com\/novoconceptinterior\/\"]}]}<\/script>\n<!-- \/ Yoast SEO plugin. -->","yoast_head_json":{"title":"Politic\u0103 de confiden\u021bialitate - NOVO Concept","robots":{"index":"index","follow":"follow","max-snippet":"max-snippet:-1","max-image-preview":"max-image-preview:large","max-video-preview":"max-video-preview:-1"},"canonical":"https:\/\/novoconcept.ro\/en\/politica-de-confidentialitate\/","og_locale":"en_US","og_type":"article","og_title":"Politic\u0103 de confiden\u021bialitate - NOVO Concept","og_description":"C\u00e2nd accesezi site-ul www.novoconcept.ro, c\u00e2nd ne contactezi pentru o cerere de ofert\u0103 sau c\u00e2nd beneficiezi de serviciile noastre, ne oferi informa\u021biile tale. Scopul acestei Politici de confiden\u021bialitate este s\u0103 \u00ee\u021bi explice ce date prelucr\u0103m, de ce le prelucr\u0103m \u0219i cum le utiliz\u0103m. Con\u0219tien\u021bi fiind c\u0103 informa\u021biile tale personale \u00ee\u021bi apar\u021bin, depunem eforturi pentru a le&hellip;","og_url":"https:\/\/novoconcept.ro\/en\/politica-de-confidentialitate\/","og_site_name":"NOVO Concept","article_publisher":"https:\/\/www.facebook.com\/novoconceptinterior","article_modified_time":"2024-04-30T11:40:21+00:00","twitter_card":"summary_large_image","twitter_misc":{"Est. reading time":"10 minutes"},"schema":{"@context":"https:\/\/schema.org","@graph":[{"@type":"WebPage","@id":"https:\/\/novoconcept.ro\/politica-de-confidentialitate\/","url":"https:\/\/novoconcept.ro\/politica-de-confidentialitate\/","name":"Politic\u0103 de confiden\u021bialitate - NOVO Concept","isPartOf":{"@id":"https:\/\/novoconcept.ro\/#website"},"datePublished":"2024-04-30T11:38:26+00:00","dateModified":"2024-04-30T11:40:21+00:00","breadcrumb":{"@id":"https:\/\/novoconcept.ro\/politica-de-confidentialitate\/#breadcrumb"},"inLanguage":"en-US","potentialAction":[{"@type":"ReadAction","target":["https:\/\/novoconcept.ro\/politica-de-confidentialitate\/"]}]},{"@type":"BreadcrumbList","@id":"https:\/\/novoconcept.ro\/politica-de-confidentialitate\/#breadcrumb","itemListElement":[{"@type":"ListItem","position":1,"name":"Prima pagin\u0103","item":"https:\/\/novoconcept.ro\/"},{"@type":"ListItem","position":2,"name":"Politic\u0103 de confiden\u021bialitate"}]},{"@type":"WebSite","@id":"https:\/\/novoconcept.ro\/#website","url":"https:\/\/novoconcept.ro\/","name":"NOVO Concept","description":"Design interior, fabrica proprie mobilier custom, amenajari interioare.","publisher":{"@id":"https:\/\/novoconcept.ro\/#organization"},"potentialAction":[{"@type":"SearchAction","target":{"@type":"EntryPoint","urlTemplate":"https:\/\/novoconcept.ro\/?s={search_term_string}"},"query-input":{"@type":"PropertyValueSpecification","valueRequired":true,"valueName":"search_term_string"}}],"inLanguage":"en-US"},{"@type":"Organization","@id":"https:\/\/novoconcept.ro\/#organization","name":"NOVO Concept","url":"https:\/\/novoconcept.ro\/","logo":{"@type":"ImageObject","inLanguage":"en-US","@id":"https:\/\/novoconcept.ro\/#\/schema\/logo\/image\/","url":"https:\/\/novoconcept.ro\/wp-content\/uploads\/2024\/04\/logo-form.png","contentUrl":"https:\/\/novoconcept.ro\/wp-content\/uploads\/2024\/04\/logo-form.png","width":100,"height":108,"caption":"NOVO Concept"},"image":{"@id":"https:\/\/novoconcept.ro\/#\/schema\/logo\/image\/"},"sameAs":["https:\/\/www.facebook.com\/novoconceptinterior","https:\/\/www.instagram.com\/novoconceptinterior\/"]}]}},"_links":{"self":[{"href":"https:\/\/novoconcept.ro\/en\/wp-json\/wp\/v2\/pages\/8383","targetHints":{"allow":["GET"]}}],"collection":[{"href":"https:\/\/novoconcept.ro\/en\/wp-json\/wp\/v2\/pages"}],"about":[{"href":"https:\/\/novoconcept.ro\/en\/wp-json\/wp\/v2\/types\/page"}],"author":[{"embeddable":true,"href":"https:\/\/novoconcept.ro\/en\/wp-json\/wp\/v2\/users\/1"}],"replies":[{"embeddable":true,"href":"https:\/\/novoconcept.ro\/en\/wp-json\/wp\/v2\/comments?post=8383"}],"version-history":[{"count":4,"href":"https:\/\/novoconcept.ro\/en\/wp-json\/wp\/v2\/pages\/8383\/revisions"}],"predecessor-version":[{"id":8387,"href":"https:\/\/novoconcept.ro\/en\/wp-json\/wp\/v2\/pages\/8383\/revisions\/8387"}],"wp:attachment":[{"href":"https:\/\/novoconcept.ro\/en\/wp-json\/wp\/v2\/media?parent=8383"}],"curies":[{"name":"wp","href":"https:\/\/api.w.org\/{rel}","templated":true}]}}